{"id":8,"date":"2023-09-28T09:36:28","date_gmt":"2023-09-28T07:36:28","guid":{"rendered":"https:\/\/www.lassomental.com\/?page_id=8"},"modified":"2024-05-07T10:50:03","modified_gmt":"2024-05-07T08:50:03","slug":"kontakt","status":"publish","type":"page","link":"https:\/\/www.lassomental.com\/?page_id=8","title":{"rendered":"Kontakt"},"content":{"rendered":"\n<p>Ich biete Trainings <strong>online<\/strong> und <strong>vor Ort<\/strong> an.<\/p>\n\n\n\n<p>Ihnen ist ein pers\u00f6nliches Treffen sympathisch? In Wien stehe ich bei passendem Wetter auch f\u00fcr Trainings an der frischen Luft zur Verf\u00fcgung. Bei unserem Kennenlerngespr\u00e4ch (online oder telefonisch) besteht auch die M\u00f6glichkeit, einen individuellen Treffpunkt zu vereinbaren.<\/p>\n\n\n\n<p>Schreiben sie mir einfach eine E-Mail oder rufen sie mich an, um \u00fcber individuelle M\u00f6glichkeiten zu sprechen ihre Ziele umzusetzen.<\/p>\n\n\n\n<p><strong>Radetzkystra\u00dfe 12<\/strong><\/p>\n\n\n\n<p><strong>1030 Wien<\/strong><\/p>\n\n\n\n<p><strong>train@lassomental.com<\/strong><\/p>\n\n\n\n<p><strong>+436764800136<\/strong><\/p>\n\n\n\n<figure class=\"wp-block-image size-full\"><a href=\"https:\/\/wa.me\/436764800136\"><img loading=\"lazy\" decoding=\"async\" width=\"320\" height=\"72\" src=\"https:\/\/www.lassomental.com\/wp-content\/uploads\/2023\/11\/WhatsAppButtonWhiteSmall.png\" alt=\"\" class=\"wp-image-115\" srcset=\"https:\/\/www.lassomental.com\/wp-content\/uploads\/2023\/11\/WhatsAppButtonWhiteSmall.png 320w, https:\/\/www.lassomental.com\/wp-content\/uploads\/2023\/11\/WhatsAppButtonWhiteSmall-300x68.png 300w\" sizes=\"(max-width: 320px) 100vw, 320px\" \/><\/a><\/figure>\n\n\n\n<figure class=\"wp-block-image size-large\"><img loading=\"lazy\" decoding=\"async\" width=\"1024\" height=\"315\" src=\"https:\/\/www.lassomental.com\/wp-content\/uploads\/2023\/09\/IMG_3955a-1024x315.jpg\" alt=\"\" class=\"wp-image-47\" srcset=\"https:\/\/www.lassomental.com\/wp-content\/uploads\/2023\/09\/IMG_3955a-1024x315.jpg 1024w, https:\/\/www.lassomental.com\/wp-content\/uploads\/2023\/09\/IMG_3955a-300x92.jpg 300w, https:\/\/www.lassomental.com\/wp-content\/uploads\/2023\/09\/IMG_3955a-768x237.jpg 768w, https:\/\/www.lassomental.com\/wp-content\/uploads\/2023\/09\/IMG_3955a-1536x473.jpg 1536w, https:\/\/www.lassomental.com\/wp-content\/uploads\/2023\/09\/IMG_3955a-2048x631.jpg 2048w\" sizes=\"(max-width: 767px) 89vw, (max-width: 1000px) 54vw, (max-width: 1071px) 543px, 580px\" \/><\/figure>\n","protected":false},"excerpt":{"rendered":"<p>Ich biete Trainings online und vor Ort an. Ihnen ist ein pers\u00f6nliches Treffen sympathisch? In Wien stehe ich bei passendem Wetter auch f\u00fcr Trainings an der frischen Luft zur Verf\u00fcgung. Bei unserem Kennenlerngespr\u00e4ch (online oder telefonisch) besteht auch die M\u00f6glichkeit, einen individuellen Treffpunkt zu vereinbaren. Schreiben sie mir einfach eine E-Mail oder rufen sie mich &hellip; <\/p>\n<p class=\"link-more\"><a href=\"https:\/\/www.lassomental.com\/?page_id=8\" class=\"more-link\">Continue reading<span class=\"screen-reader-text\"> &#8222;Kontakt&#8220;<\/span><\/a><\/p>\n","protected":false},"author":1,"featured_media":0,"parent":0,"menu_order":0,"comment_status":"closed","ping_status":"closed","template":"","meta":{"footnotes":""},"_links":{"self":[{"href":"https:\/\/www.lassomental.com\/index.php?rest_route=\/wp\/v2\/pages\/8"}],"collection":[{"href":"https:\/\/www.lassomental.com\/index.php?rest_route=\/wp\/v2\/pages"}],"about":[{"href":"https:\/\/www.lassomental.com\/index.php?rest_route=\/wp\/v2\/types\/page"}],"author":[{"embeddable":true,"href":"https:\/\/www.lassomental.com\/index.php?rest_route=\/wp\/v2\/users\/1"}],"replies":[{"embeddable":true,"href":"https:\/\/www.lassomental.com\/index.php?rest_route=%2Fwp%2Fv2%2Fcomments&post=8"}],"version-history":[{"count":15,"href":"https:\/\/www.lassomental.com\/index.php?rest_route=\/wp\/v2\/pages\/8\/revisions"}],"predecessor-version":[{"id":185,"href":"https:\/\/www.lassomental.com\/index.php?rest_route=\/wp\/v2\/pages\/8\/revisions\/185"}],"wp:attachment":[{"href":"https:\/\/www.lassomental.com\/index.php?rest_route=%2Fwp%2Fv2%2Fmedia&parent=8"}],"curies":[{"name":"wp","href":"https:\/\/api.w.org\/{rel}","templated":true}]}}