{"id":7,"date":"2023-09-28T09:36:28","date_gmt":"2023-09-28T07:36:28","guid":{"rendered":"https:\/\/www.lassomental.com\/?page_id=7"},"modified":"2024-10-16T19:43:18","modified_gmt":"2024-10-16T17:43:18","slug":"ueber-uns","status":"publish","type":"page","link":"https:\/\/www.lassomental.com\/?page_id=7","title":{"rendered":"\u00dcber mich"},"content":{"rendered":"\n<p>Meine Name ist <strong>Katherina Lochmann<\/strong> und ich bin <strong>Mentaltrainerin<\/strong>.<\/p>\n\n\n\n<p>Bis es so weit gekommen ist, da\u00df wir uns hier treffen, bin ich viele <strong>Umwege<\/strong> gegangen. Ich wei\u00df wie kr\u00e4ftezehrend und l\u00e4hmend es kann, keine klaren Ziele zu haben.<\/p>\n\n\n\n<figure class=\"wp-block-image size-large is-resized\"><img loading=\"lazy\" decoding=\"async\" width=\"831\" height=\"1024\" src=\"https:\/\/www.lassomental.com\/wp-content\/uploads\/2023\/09\/IMG_2258-1-831x1024.jpg\" alt=\"\" class=\"wp-image-86\" style=\"aspect-ratio:0.8114478114478114;width:208px;height:auto\" srcset=\"https:\/\/www.lassomental.com\/wp-content\/uploads\/2023\/09\/IMG_2258-1-831x1024.jpg 831w, https:\/\/www.lassomental.com\/wp-content\/uploads\/2023\/09\/IMG_2258-1-243x300.jpg 243w, https:\/\/www.lassomental.com\/wp-content\/uploads\/2023\/09\/IMG_2258-1-768x946.jpg 768w, https:\/\/www.lassomental.com\/wp-content\/uploads\/2023\/09\/IMG_2258-1-1247x1536.jpg 1247w, https:\/\/www.lassomental.com\/wp-content\/uploads\/2023\/09\/IMG_2258-1-1662x2048.jpg 1662w\" sizes=\"(max-width: 767px) 89vw, (max-width: 1000px) 54vw, (max-width: 1071px) 543px, 580px\" \/><\/figure>\n\n\n\n<p>Mit 18 Jahren habe ich mich komplett planlos 3 Stunden zum Einschreiben an der Universit\u00e4t angestellt und w\u00e4hrenddessen das Vorlesungsverzeichnis durchgebl\u00e4ttert. Am Ende der Schlange habe ich mich f\u00fcr <strong>Publizistik &amp; Kommunikationswissenschaften<\/strong> und <strong>Soziologie <\/strong>entschieden. Bereits w\u00e4hrend des Studiums habe ich dann begonnen beim <strong>Radio<\/strong> und als selbst\u00e4ndige <strong>Fotografin<\/strong> zu arbeiten. Und dann?<\/p>\n\n\n\n<p>Als ich 2015 <strong>Mutter<\/strong> wurde, habe ich mir die Frage gestellt, wie sich mein bisheriger Lebensentwurf mit meinem neuen Familienleben vereinbaren l\u00e4sst. Ich bin auf den Bereich des <strong>Mentaltrainings<\/strong> gestossen. Bis heute habe ich eine riesengro\u00dfe Freude daran, Menschen in ihrem Wachstum zu unterst\u00fctzen. Eine gute Entscheidung also f\u00fcr mich, und auch f\u00fcr all die Menschen, die mir seitdem begegnet sind. Denn eine Sinn stiftende Arbeit schafft auch f\u00fcr unsere Umgebung ein tolles Kommunikationsklima.<\/p>\n\n\n\n<p>Ziellos den eigenen Weg erkunden hat manchmal sehr viel Spa\u00df gemacht. Gleichzeitig war es auch frustrierend und aufreibend zu wissen, dass dieser Weg nicht immer ganz zu mir gepasst hat und mich richtige Methoden schneller ans Ziel gebracht h\u00e4tten. Das ist der Grund, warum ich Menschen die M\u00f6glichkeit zeigen will, <strong>sich selbst besser kennenzulernen<\/strong> und f\u00fcr das eigene Leben <strong>mehr Zeit und Energie<\/strong> in die Dinge zu stecken die einem wirklich wichtig sind.<\/p>\n\n\n\n<p><strong><em>Ausbildungen<\/em><\/strong> :<\/p>\n\n\n\n<ul>\n<li>2007 <strong>Moderation<\/strong>sausbildung \/ <em>Radio Summer High School<\/em><\/li>\n\n\n\n<li>2009 Magistra der Publizistik und <strong>Kommunikationswissenschaften<\/strong>, Soziologie, Theater-, Film- und Medienwissenschaft, Jus \/ <strong><em>Universit\u00e4t Wie<\/em>n<\/strong><\/li>\n\n\n\n<li>2009    Abschlu\u00df &#8211; Ausbildung zur Fotografin \/ <em>fotoK<\/em><\/li>\n\n\n\n<li>2023 Abschlu\u00df &#8211; Diplomlehrgang <strong>Mentaltraining<\/strong> \/ <em>Vitalakademie<\/em><\/li>\n<\/ul>\n\n\n\n<p><\/p>\n\n\n\n<ul><\/ul>\n","protected":false},"excerpt":{"rendered":"<p>Meine Name ist Katherina Lochmann und ich bin Mentaltrainerin. Bis es so weit gekommen ist, da\u00df wir uns hier treffen, bin ich viele Umwege gegangen. Ich wei\u00df wie kr\u00e4ftezehrend und l\u00e4hmend es kann, keine klaren Ziele zu haben. Mit 18 Jahren habe ich mich komplett planlos 3 Stunden zum Einschreiben an der Universit\u00e4t angestellt und &hellip; <\/p>\n<p class=\"link-more\"><a href=\"https:\/\/www.lassomental.com\/?page_id=7\" class=\"more-link\">Continue reading<span class=\"screen-reader-text\"> &#8222;\u00dcber mich&#8220;<\/span><\/a><\/p>\n","protected":false},"author":1,"featured_media":0,"parent":0,"menu_order":0,"comment_status":"closed","ping_status":"closed","template":"","meta":{"footnotes":""},"_links":{"self":[{"href":"https:\/\/www.lassomental.com\/index.php?rest_route=\/wp\/v2\/pages\/7"}],"collection":[{"href":"https:\/\/www.lassomental.com\/index.php?rest_route=\/wp\/v2\/pages"}],"about":[{"href":"https:\/\/www.lassomental.com\/index.php?rest_route=\/wp\/v2\/types\/page"}],"author":[{"embeddable":true,"href":"https:\/\/www.lassomental.com\/index.php?rest_route=\/wp\/v2\/users\/1"}],"replies":[{"embeddable":true,"href":"https:\/\/www.lassomental.com\/index.php?rest_route=%2Fwp%2Fv2%2Fcomments&post=7"}],"version-history":[{"count":33,"href":"https:\/\/www.lassomental.com\/index.php?rest_route=\/wp\/v2\/pages\/7\/revisions"}],"predecessor-version":[{"id":277,"href":"https:\/\/www.lassomental.com\/index.php?rest_route=\/wp\/v2\/pages\/7\/revisions\/277"}],"wp:attachment":[{"href":"https:\/\/www.lassomental.com\/index.php?rest_route=%2Fwp%2Fv2%2Fmedia&parent=7"}],"curies":[{"name":"wp","href":"https:\/\/api.w.org\/{rel}","templated":true}]}}