{"id":34,"date":"2023-09-28T09:50:00","date_gmt":"2023-09-28T07:50:00","guid":{"rendered":"https:\/\/www.lassomental.com\/?page_id=34"},"modified":"2024-10-16T19:30:19","modified_gmt":"2024-10-16T17:30:19","slug":"preise","status":"publish","type":"page","link":"https:\/\/www.lassomental.com\/?page_id=34","title":{"rendered":"Preise"},"content":{"rendered":"\n<p><strong><em>Kennenlerngespr\u00e4ch<\/em> <\/strong>&amp; kurze Besprechung Ihres Themas &#8211;<em> online<\/em><\/p>\n\n\n\n<p class=\"has-small-font-size\">15 Minuten <strong>GRATIS<\/strong><\/p>\n\n\n\n<p><em>In unserem Kennenlerngespr\u00e4ch k\u00f6nnen wir gerne auch \u00fcber <strong>individuelle M\u00f6glichkeiten<\/strong> der Finanzierung und Zusammenarbeit sprechen.<\/em><\/p>\n\n\n\n<p>Da es sich bei Mentaltraining um einen Prozess handelt und Du  Dir selbst auch ausreichend Zeit daf\u00fcr geben solltest, biete ich ausschlie\u00dflich Kombinationen aus mehreren Sessions an.<\/p>\n\n\n\n<p class=\"has-medium-font-size\"><strong>Pakete<\/strong><\/p>\n\n\n\n<p>Kleines Ziel<\/p>\n\n\n\n<p class=\"has-small-font-size\">3x 60 Minuten <strong>435\u20ac<\/strong><\/p>\n\n\n\n<p>Gro\u00dfes Ziel<\/p>\n\n\n\n<p class=\"has-small-font-size\">5x 60 Minuten <strong>650\u20ac<\/strong><\/p>\n\n\n\n<p><\/p>\n\n\n\n<p><\/p>\n\n\n\n<p><strong>GUTSCHEINE<\/strong><\/p>\n\n\n\n<p>Kennen Sie jemanden, der gerade auf der Suche nach mehr <strong>Sinn, Lebensfreude <\/strong>oder <strong>Entspannung<\/strong> ist? Mentaltraining kann <strong>ein lebensver\u00e4nderndes Geschenk <\/strong>sein. F\u00fcr Einzeltrainings und Pakete biete ich deswegen auch die M\u00f6glichkeit an Gutscheine zu erwerben. Kontaktieren Sie mich einfach per E-Mail, telefonisch oder auch \u00fcber <a href=\"http:\/\/wa.me\/436764800136\" data-type=\"link\" data-id=\"wa.me\/436764800136\">WhatsApp<\/a>.<\/p>\n\n\n\n<p><strong>WORKSHOPS &amp; VORTR\u00c4GE<\/strong><\/p>\n\n\n\n<p>Gerne stehe ich nach Anfrage auch f\u00fcr <strong>Vortr\u00e4ge, Workshops<\/strong> oder <strong>Businesstrainings<\/strong> zur Verf\u00fcgung. Ich habe meine Spezialisierung im Bereich <strong>Perfektionismus und Prokrastination<\/strong> und stehe Ihnen auch f\u00fcr weitere Themenbereiche gerne als Spezialistin f\u00fcr Mentales zur Seite.<\/p>\n","protected":false},"excerpt":{"rendered":"<p>Kennenlerngespr\u00e4ch &amp; kurze Besprechung Ihres Themas &#8211; online 15 Minuten GRATIS In unserem Kennenlerngespr\u00e4ch k\u00f6nnen wir gerne auch \u00fcber individuelle M\u00f6glichkeiten der Finanzierung und Zusammenarbeit sprechen. Da es sich bei Mentaltraining um einen Prozess handelt und Du Dir selbst auch ausreichend Zeit daf\u00fcr geben solltest, biete ich ausschlie\u00dflich Kombinationen aus mehreren Sessions an. Pakete Kleines &hellip; <\/p>\n<p class=\"link-more\"><a href=\"https:\/\/www.lassomental.com\/?page_id=34\" class=\"more-link\">Continue reading<span class=\"screen-reader-text\"> &#8222;Preise&#8220;<\/span><\/a><\/p>\n","protected":false},"author":1,"featured_media":0,"parent":0,"menu_order":0,"comment_status":"closed","ping_status":"closed","template":"","meta":{"footnotes":""},"_links":{"self":[{"href":"https:\/\/www.lassomental.com\/index.php?rest_route=\/wp\/v2\/pages\/34"}],"collection":[{"href":"https:\/\/www.lassomental.com\/index.php?rest_route=\/wp\/v2\/pages"}],"about":[{"href":"https:\/\/www.lassomental.com\/index.php?rest_route=\/wp\/v2\/types\/page"}],"author":[{"embeddable":true,"href":"https:\/\/www.lassomental.com\/index.php?rest_route=\/wp\/v2\/users\/1"}],"replies":[{"embeddable":true,"href":"https:\/\/www.lassomental.com\/index.php?rest_route=%2Fwp%2Fv2%2Fcomments&post=34"}],"version-history":[{"count":23,"href":"https:\/\/www.lassomental.com\/index.php?rest_route=\/wp\/v2\/pages\/34\/revisions"}],"predecessor-version":[{"id":272,"href":"https:\/\/www.lassomental.com\/index.php?rest_route=\/wp\/v2\/pages\/34\/revisions\/272"}],"wp:attachment":[{"href":"https:\/\/www.lassomental.com\/index.php?rest_route=%2Fwp%2Fv2%2Fmedia&parent=34"}],"curies":[{"name":"wp","href":"https:\/\/api.w.org\/{rel}","templated":true}]}}