{"id":33,"date":"2023-09-28T09:50:00","date_gmt":"2023-09-28T07:50:00","guid":{"rendered":"https:\/\/www.lassomental.com\/?page_id=33"},"modified":"2024-05-07T09:56:50","modified_gmt":"2024-05-07T07:56:50","slug":"mentaltraining","status":"publish","type":"page","link":"https:\/\/www.lassomental.com\/?page_id=33","title":{"rendered":"Mentaltraining"},"content":{"rendered":"\n<p><\/p>\n\n\n\n<p>Ihr K\u00f6rper profitiert von Sport und genau so profitiert auch ihr <strong>Gehirn<\/strong> davon zu <strong>trainieren<\/strong>. Mentaltraining kann dabei helfen, H\u00f6chstleistungen zu erbringen und das Ged\u00e4chtnis zu trainieren. Au\u00dferdem f\u00fchlt es sich gut und bereichernd an, sich mancher Dinge bewusst zu werden: Wie sieht mein Alltag aus? Was will ich \u00e4ndern? Wie und wo fange ich an? Wo will ich hin? Wie schaffe ich es, alle meine Anforderungen zu vereinbaren?\u00a0<em>Wie schaffe ich es, an meine gr\u00f6\u00dften Ziele zu kommen?<\/em><\/p>\n\n\n\n<p><em><strong>Wer keinen Grund hat etwas zu tun, hat einen Grund nichts zu tun!<\/strong><\/em><\/p>\n\n\n\n<p>In 1:1 Trainingeinheiten beginnen wir, <strong>an Zielen und Themen<\/strong> zu <strong>arbeiten<\/strong>, die f\u00fcr Sie im Alltag oder in herausfordernden Situationen gro\u00dfe Bedeutung haben. Bereits nach der ersten Einheit nehmen Sie <strong>\u00dcbungen<\/strong> mit nach Hause. Das ist essentiell! Denn Training bedeutet, da\u00df Sie regelm\u00e4\u00dfig an der mentalen und der praktischen Umsetzung eines Themas arbeiten.<\/p>\n\n\n\n<p>Ich freue mich schon sehr darauf, Sie kennenzulernen und zu erfahren, welche Herausforderungen Sie besch\u00e4ftigen. <strong>Wir werden herausfinden, welche L\u00f6sungen bereits in Ihnen stecken und auf welchem Weg es Ihnen am meisten Freude bereitet, sie zu entschl\u00fcsseln.<\/strong><\/p>\n","protected":false},"excerpt":{"rendered":"<p>Ihr K\u00f6rper profitiert von Sport und genau so profitiert auch ihr Gehirn davon zu trainieren. Mentaltraining kann dabei helfen, H\u00f6chstleistungen zu erbringen und das Ged\u00e4chtnis zu trainieren. Au\u00dferdem f\u00fchlt es sich gut und bereichernd an, sich mancher Dinge bewusst zu werden: Wie sieht mein Alltag aus? Was will ich \u00e4ndern? Wie und wo fange ich &hellip; <\/p>\n<p class=\"link-more\"><a href=\"https:\/\/www.lassomental.com\/?page_id=33\" class=\"more-link\">Continue reading<span class=\"screen-reader-text\"> &#8222;Mentaltraining&#8220;<\/span><\/a><\/p>\n","protected":false},"author":1,"featured_media":0,"parent":0,"menu_order":0,"comment_status":"closed","ping_status":"closed","template":"","meta":{"footnotes":""},"_links":{"self":[{"href":"https:\/\/www.lassomental.com\/index.php?rest_route=\/wp\/v2\/pages\/33"}],"collection":[{"href":"https:\/\/www.lassomental.com\/index.php?rest_route=\/wp\/v2\/pages"}],"about":[{"href":"https:\/\/www.lassomental.com\/index.php?rest_route=\/wp\/v2\/types\/page"}],"author":[{"embeddable":true,"href":"https:\/\/www.lassomental.com\/index.php?rest_route=\/wp\/v2\/users\/1"}],"replies":[{"embeddable":true,"href":"https:\/\/www.lassomental.com\/index.php?rest_route=%2Fwp%2Fv2%2Fcomments&post=33"}],"version-history":[{"count":14,"href":"https:\/\/www.lassomental.com\/index.php?rest_route=\/wp\/v2\/pages\/33\/revisions"}],"predecessor-version":[{"id":159,"href":"https:\/\/www.lassomental.com\/index.php?rest_route=\/wp\/v2\/pages\/33\/revisions\/159"}],"wp:attachment":[{"href":"https:\/\/www.lassomental.com\/index.php?rest_route=%2Fwp%2Fv2%2Fmedia&parent=33"}],"curies":[{"name":"wp","href":"https:\/\/api.w.org\/{rel}","templated":true}]}}