{"id":160,"date":"2024-05-07T10:13:18","date_gmt":"2024-05-07T08:13:18","guid":{"rendered":"https:\/\/www.lassomental.com\/?page_id=160"},"modified":"2024-10-16T19:35:31","modified_gmt":"2024-10-16T17:35:31","slug":"partner","status":"publish","type":"page","link":"https:\/\/www.lassomental.com\/?page_id=160","title":{"rendered":"Partner"},"content":{"rendered":"\n<p><strong>3 Grunds\u00e4ulen<\/strong> &#8211; <strong><em>K\u00f6rperliche, soziale und finanzielle Gesundheit<\/em><\/strong><\/p>\n\n\n\n<p>Meine Arbeitsweise ist holistisch, also ganzheitlich. Wenn ein Bereich Ihres Lebens aus dem Gleichgewicht kommt, ist es aufwendig die restlichen Bereiche gut zu versorgen. Das Erhalten eines ausgewogenen Grundzustandes zehrt dann oft an wertvollen Ressourcen.<\/p>\n\n\n\n<p>Mein Fokus liegt darauf<\/p>\n\n\n\n<ul>\n<li>ein bereicherndes <strong>Sozialleben<\/strong> zu f\u00fchren und eine positive Einstellung zu sich selbst zu haben oder zu finden,<\/li>\n\n\n\n<li>Freiheit von finanziellen Sorgen zu erreichen (<strong>Business-Mentaltraining<\/strong>),<\/li>\n\n\n\n<li>Freude daran zu haben, den eigenen K\u00f6rper und Geist gesund und fit zu halten (<strong>Ern\u00e4hrungs-Mentaltraining<\/strong>).<\/li>\n<\/ul>\n\n\n\n<figure class=\"wp-block-image size-large\"><img loading=\"lazy\" decoding=\"async\" width=\"1024\" height=\"161\" src=\"https:\/\/www.lassomental.com\/wp-content\/uploads\/2024\/05\/metabolic-reset-1024x161.jpg\" alt=\"\" class=\"wp-image-206\" srcset=\"https:\/\/www.lassomental.com\/wp-content\/uploads\/2024\/05\/metabolic-reset-1024x161.jpg 1024w, https:\/\/www.lassomental.com\/wp-content\/uploads\/2024\/05\/metabolic-reset-300x47.jpg 300w, https:\/\/www.lassomental.com\/wp-content\/uploads\/2024\/05\/metabolic-reset-768x121.jpg 768w, https:\/\/www.lassomental.com\/wp-content\/uploads\/2024\/05\/metabolic-reset-1536x242.jpg 1536w, https:\/\/www.lassomental.com\/wp-content\/uploads\/2024\/05\/metabolic-reset.jpg 1630w\" sizes=\"(max-width: 767px) 89vw, (max-width: 1000px) 54vw, (max-width: 1071px) 543px, 580px\" \/><\/figure>\n\n\n\n<p>Nach Jahrzehnten eigener Erfahrung und intensiven Recherchen und zahlreichen Gespr\u00e4chen mit ExpertInnen im Gesundheitsbereich, habe ich eine passende Partnerfirma gefunden, deren Produktqualit\u00e4t und Vision mich \u00fcberzeugen konnte.<\/p>\n\n\n\n<p>Ich unterst\u00fctze KlientInnen gerne auch in diesem Bereich mit pers\u00f6nlich angepassten L\u00f6sungen und erfreue mich immer wieder an sehr positiven R\u00fcckmeldungen.<\/p>\n\n\n\n<p>F\u00fcr weitere Informationen z\u00f6gern Sie nicht, pers\u00f6nlich mit mir in Kontakt zu treten.<\/p>\n\n\n\n<p><em>Gesundheit ist etwas, das wir gerne aufschieben und dies nicht selten im Nachhinein bereuen.<\/em><\/p>\n\n\n\n<figure class=\"wp-block-image size-full is-resized\"><a href=\"https:\/\/ww1.lifeplus.com\/shaqm5\/m\/at\/de\/\"><img loading=\"lazy\" decoding=\"async\" width=\"886\" height=\"183\" src=\"https:\/\/www.lassomental.com\/wp-content\/uploads\/2024\/05\/logo.png\" alt=\"\" class=\"wp-image-161\" style=\"width:256px;height:auto\" srcset=\"https:\/\/www.lassomental.com\/wp-content\/uploads\/2024\/05\/logo.png 886w, https:\/\/www.lassomental.com\/wp-content\/uploads\/2024\/05\/logo-300x62.png 300w, https:\/\/www.lassomental.com\/wp-content\/uploads\/2024\/05\/logo-768x159.png 768w\" sizes=\"(max-width: 767px) 89vw, (max-width: 1000px) 54vw, (max-width: 1071px) 543px, 580px\" \/><\/a><\/figure>\n","protected":false},"excerpt":{"rendered":"<p>3 Grunds\u00e4ulen &#8211; K\u00f6rperliche, soziale und finanzielle Gesundheit Meine Arbeitsweise ist holistisch, also ganzheitlich. Wenn ein Bereich Ihres Lebens aus dem Gleichgewicht kommt, ist es aufwendig die restlichen Bereiche gut zu versorgen. Das Erhalten eines ausgewogenen Grundzustandes zehrt dann oft an wertvollen Ressourcen. Mein Fokus liegt darauf Nach Jahrzehnten eigener Erfahrung und intensiven Recherchen und &hellip; <\/p>\n<p class=\"link-more\"><a href=\"https:\/\/www.lassomental.com\/?page_id=160\" class=\"more-link\">Continue reading<span class=\"screen-reader-text\"> &#8222;Partner&#8220;<\/span><\/a><\/p>\n","protected":false},"author":1,"featured_media":0,"parent":0,"menu_order":0,"comment_status":"closed","ping_status":"closed","template":"","meta":{"footnotes":""},"_links":{"self":[{"href":"https:\/\/www.lassomental.com\/index.php?rest_route=\/wp\/v2\/pages\/160"}],"collection":[{"href":"https:\/\/www.lassomental.com\/index.php?rest_route=\/wp\/v2\/pages"}],"about":[{"href":"https:\/\/www.lassomental.com\/index.php?rest_route=\/wp\/v2\/types\/page"}],"author":[{"embeddable":true,"href":"https:\/\/www.lassomental.com\/index.php?rest_route=\/wp\/v2\/users\/1"}],"replies":[{"embeddable":true,"href":"https:\/\/www.lassomental.com\/index.php?rest_route=%2Fwp%2Fv2%2Fcomments&post=160"}],"version-history":[{"count":12,"href":"https:\/\/www.lassomental.com\/index.php?rest_route=\/wp\/v2\/pages\/160\/revisions"}],"predecessor-version":[{"id":274,"href":"https:\/\/www.lassomental.com\/index.php?rest_route=\/wp\/v2\/pages\/160\/revisions\/274"}],"wp:attachment":[{"href":"https:\/\/www.lassomental.com\/index.php?rest_route=%2Fwp%2Fv2%2Fmedia&parent=160"}],"curies":[{"name":"wp","href":"https:\/\/api.w.org\/{rel}","templated":true}]}}